{"id":1749,"date":"2025-11-23T13:46:56","date_gmt":"2025-11-23T13:46:56","guid":{"rendered":"https:\/\/alamiradates.com\/product\/%d8%aa%d9%85%d8%b1-%d9%85%d8%ac%d8%af%d9%88%d9%84-%d9%85%d8%b5%d8%b1%d9%8a-2\/"},"modified":"2025-12-20T19:55:36","modified_gmt":"2025-12-20T19:55:36","slug":"%d8%aa%d9%85%d8%b1-%d9%85%d8%ac%d8%af%d9%88%d9%84-%d9%85%d8%b5%d8%b1%d9%8a-2","status":"publish","type":"product","link":"https:\/\/alamiradates.com\/tr\/urun\/%d8%aa%d9%85%d8%b1-%d9%85%d8%ac%d8%af%d9%88%d9%84-%d9%85%d8%b5%d8%b1%d9%8a-2\/","title":{"rendered":"M\u0131s\u0131r S\u00fcper Jumbo Premium Medjool Hurmalar\u0131"},"content":{"rendered":"<p>\u062a\u0645\u0631 \u0645\u062c\u062f\u0648\u0644 \u0628\u0631\u064a\u0645\u064a\u0648\u0645 \u0633\u0648\u0628\u0631 \u062c\u0627\u0645\u0628\u0648 \u0645\u0635\u0631\u064a \u2013 \u0648\u0632\u0646 5 \u0643\u062c\u0645<\/p>","protected":false},"excerpt":{"rendered":"<p>Premium Jumbo 5kg<\/p>","protected":false},"featured_media":2323,"comment_status":"open","ping_status":"closed","template":"","meta":[],"product_brand":[],"product_cat":[87],"product_tag":[],"class_list":{"0":"post-1749","1":"product","2":"type-product","3":"status-publish","4":"has-post-thumbnail","6":"product_cat-87","8":"first","9":"instock","10":"sale","11":"shipping-taxable","12":"purchasable","13":"product-type-simple"},"_links":{"self":[{"href":"https:\/\/alamiradates.com\/tr\/wp-json\/wp\/v2\/product\/1749","targetHints":{"allow":["GET"]}}],"collection":[{"href":"https:\/\/alamiradates.com\/tr\/wp-json\/wp\/v2\/product"}],"about":[{"href":"https:\/\/alamiradates.com\/tr\/wp-json\/wp\/v2\/types\/product"}],"replies":[{"embeddable":true,"href":"https:\/\/alamiradates.com\/tr\/wp-json\/wp\/v2\/comments?post=1749"}],"version-history":[{"count":5,"href":"https:\/\/alamiradates.com\/tr\/wp-json\/wp\/v2\/product\/1749\/revisions"}],"predecessor-version":[{"id":2177,"href":"https:\/\/alamiradates.com\/tr\/wp-json\/wp\/v2\/product\/1749\/revisions\/2177"}],"wp:featuredmedia":[{"embeddable":true,"href":"https:\/\/alamiradates.com\/tr\/wp-json\/wp\/v2\/media\/2323"}],"wp:attachment":[{"href":"https:\/\/alamiradates.com\/tr\/wp-json\/wp\/v2\/media?parent=1749"}],"wp:term":[{"taxonomy":"product_brand","embeddable":true,"href":"https:\/\/alamiradates.com\/tr\/wp-json\/wp\/v2\/product_brand?post=1749"},{"taxonomy":"product_cat","embeddable":true,"href":"https:\/\/alamiradates.com\/tr\/wp-json\/wp\/v2\/product_cat?post=1749"},{"taxonomy":"product_tag","embeddable":true,"href":"https:\/\/alamiradates.com\/tr\/wp-json\/wp\/v2\/product_tag?post=1749"}],"curies":[{"name":"wp","href":"https:\/\/api.w.org\/{rel}","templated":true}]}}